{"id":22,"date":"2026-04-07T18:30:04","date_gmt":"2026-04-07T18:30:04","guid":{"rendered":"https:\/\/arturo-figueroa.com\/?page_id=22"},"modified":"2026-04-07T18:58:56","modified_gmt":"2026-04-07T18:58:56","slug":"home","status":"publish","type":"page","link":"https:\/\/arturo-figueroa.com\/","title":{"rendered":"Home"},"content":{"rendered":"\n<blockquote class=\"wp-block-quote is-layout-flow wp-block-quote-is-layout-flow\">\n<h2 class=\"wp-block-heading\">Arturo Figueroa- Cellist<\/h2>\n\n\n\n<p>Leidenschaft f\u00fcr Musik und Menschen<\/p>\n<\/blockquote>\n\n\n\n<h2 class=\"wp-block-heading\" id=\"about\">\u00dcber mich<\/h2>\n\n\n\n<p>Arturo Figueroa Silva entdeckte das Violoncello im Alter von 16 Jahren und begann seine musikalische Ausbildung in Chile \u2014 zun\u00e4chst bei Francisco Pino, Solocellist der Filarm\u00f3nica de Santiago, und sp\u00e4ter an der Pontificia Universidad Cat\u00f3lica de Valpara\u00edso, wo er mit Stipendium f\u00fcr akademische Exzellenz abschloss. Als hochtalentierter junger Musiker wurde er Mitglied der Chilenischen Jungen Philharmonie und erhielt mehrfach Stipendien der Chilenischen Nationalen Stiftung f\u00fcr Musik.<\/p>\n\n\n\n<p>Nach dem Studium zog er nach Deutschland, wo er den Bachelor of Music im Fach Violoncello an der Hochschule f\u00fcr K\u00fcnste Bremen bei Prof. Alexander Baillie. Im Anschluss vertiefte er seine k\u00fcnstlerische Ausbildung in intensiver Zusammenarbeit mit der renommierten Cellistin Tanja Tetzlaff. Erg\u00e4nzend besuchte er Meisterkurse u.a. bei Adrian Brendel sowie Umberto Clerici, Solocellist des Sydney Symphony Orchestra.<\/p>\n\n\n\n<p>Als Kammermusiker tritt er gemeinsam mit der Pianistin Kristina Legostaeva auf. Sein Orchesterrepertoire umfasst Projekte mit Musica Viva,  Musikern der Deutschen Kammerphilharmonie sowie Aushilfst\u00e4tigkeiten am Oldenburgischen Staatstheater. Auch in der Pop Szene war er zu finden, als Mitglied der Songwriter Band aus Bremen &#8220;Miss Hope goes fishing&#8221;.<\/p>\n\n\n\n<p>Seit 2022 ist Arturo Figueroa Silva fest als Musiklehrer an der Musikschule Landkreis Cloppenburg angestellt. Seit 2024 leitet er die Cellogruppe des Jugendsinfonieorchesters Oldenburger M\u00fcnsterland (JUSOM). Er lebt mit seiner Familie in Oldenburg.<\/p>\n\n\n\n<h2 class=\"wp-block-heading\" id=\"lessons\">Unterricht<\/h2>\n\n\n\n<p>Arturo Figueroa Silva unterrichtet Violoncello an der <strong>Musikschule der Stadt Oldenburg<\/strong> sowie an der <strong>Musikschule Landkreis Cloppenburg<\/strong> und begleitet Sch\u00fclerinnen und Sch\u00fcler aller Altersgruppen und Spielstufen \u2014 von den ersten Schritten auf dem Instrument bis hin zur fortgeschrittenen musikalischen Ausbildung.<\/p>\n\n\n\n<p>Sein Unterricht basiert auf einer soliden technischen Grundlage und einem methodisch strukturierten System, das konsequent an die individuellen Bed\u00fcrfnisse, das Tempo und die Ziele jedes Sch\u00fclers angepasst wird. Dabei stehen Haltung, Bogentechnik, Intonation und musikalisches Verst\u00e4ndnis im Mittelpunkt \u2014 Grundlagen, die eine langfristige und gesunde Entwicklung am Instrument erm\u00f6glichen.<\/p>\n\n\n\n<p>Seine Sch\u00fclerinnen und Sch\u00fcler haben bei regionalen <strong>Jugend musiziert<\/strong>-Wettbewerben erste Preise erzielt.<\/p>\n\n\n\n<h2 class=\"wp-block-heading\" id=\"projects\">Projekte<\/h2>\n\n\n\n<p>xxxx<\/p>\n\n\n\n<h2 class=\"wp-block-heading\" id=\"contact\">Kontakt<\/h2>\n","protected":false},"excerpt":{"rendered":"<p>Arturo Figueroa- Cellist Leidenschaft f\u00fcr Musik und Menschen \u00dcber mich Arturo Figueroa Silva entdeckte das Violoncello im Alter von 16 Jahren und begann seine musikalische Ausbildung in Chile \u2014 zun\u00e4chst bei Francisco Pino, Solocellist der Filarm\u00f3nica de Santiago, und sp\u00e4ter an der Pontificia Universidad Cat\u00f3lica de Valpara\u00edso, wo er mit Stipendium f\u00fcr akademische Exzellenz abschloss&#8230;.<\/p>\n","protected":false},"author":1,"featured_media":0,"parent":0,"menu_order":0,"comment_status":"closed","ping_status":"closed","template":"","meta":{"_kad_post_transparent":"","_kad_post_title":"","_kad_post_layout":"","_kad_post_sidebar_id":"","_kad_post_content_style":"","_kad_post_vertical_padding":"","_kad_post_feature":"","_kad_post_feature_position":"","_kad_post_header":false,"_kad_post_footer":false,"_kad_post_classname":"","footnotes":""},"class_list":["post-22","page","type-page","status-publish","hentry"],"_links":{"self":[{"href":"https:\/\/arturo-figueroa.com\/index.php?rest_route=\/wp\/v2\/pages\/22","targetHints":{"allow":["GET"]}}],"collection":[{"href":"https:\/\/arturo-figueroa.com\/index.php?rest_route=\/wp\/v2\/pages"}],"about":[{"href":"https:\/\/arturo-figueroa.com\/index.php?rest_route=\/wp\/v2\/types\/page"}],"author":[{"embeddable":true,"href":"https:\/\/arturo-figueroa.com\/index.php?rest_route=\/wp\/v2\/users\/1"}],"replies":[{"embeddable":true,"href":"https:\/\/arturo-figueroa.com\/index.php?rest_route=%2Fwp%2Fv2%2Fcomments&post=22"}],"version-history":[{"count":4,"href":"https:\/\/arturo-figueroa.com\/index.php?rest_route=\/wp\/v2\/pages\/22\/revisions"}],"predecessor-version":[{"id":28,"href":"https:\/\/arturo-figueroa.com\/index.php?rest_route=\/wp\/v2\/pages\/22\/revisions\/28"}],"wp:attachment":[{"href":"https:\/\/arturo-figueroa.com\/index.php?rest_route=%2Fwp%2Fv2%2Fmedia&parent=22"}],"curies":[{"name":"wp","href":"https:\/\/api.w.org\/{rel}","templated":true}]}}